{"id":78,"date":"2021-04-06T00:00:14","date_gmt":"2021-04-05T22:00:14","guid":{"rendered":"http:\/\/www.plueh.at\/?page_id=78"},"modified":"2024-06-03T13:21:52","modified_gmt":"2024-06-03T11:21:52","slug":"ganzheitliche-reitschule-urlaub-im-mostviertel","status":"publish","type":"page","link":"http:\/\/www.plueh.at\/","title":{"rendered":"pl\u00fch"},"content":{"rendered":"\n<p class=\"has-text-align-center\">pl\u00fch. ein &#8220;PL&#8221;atz  f&#8221;\u00dc&#8221;r  &#8220;H&#8221;oladero in Ybbsitz<\/p>\n\n\n\n<p class=\"has-text-align-center\">zum Aussteigen und Entschleunigen, zum Aufbl\u00fchen<\/p>\n\n\n\n<p class=\"has-text-align-center\"><strong><span class=\"has-inline-color has-black-color\">Urlaub <\/span><\/strong> &amp; <strong>Reitunterricht<\/strong><\/p>\n\n\n\n<p class=\"has-text-align-center\"><strong>im Mostviertel<\/strong><\/p>\n\n\n\n<figure class=\"wp-block-image size-large is-style-default\"><img loading=\"lazy\" decoding=\"async\" width=\"1024\" height=\"459\" src=\"http:\/\/www.plueh.at\/wp-content\/uploads\/2021\/04\/PluehWEB-DjangoRanke-2-1024x459.jpg\" alt=\"\" class=\"wp-image-157\" srcset=\"http:\/\/www.plueh.at\/wp-content\/uploads\/2021\/04\/PluehWEB-DjangoRanke-2-1024x459.jpg 1024w, http:\/\/www.plueh.at\/wp-content\/uploads\/2021\/04\/PluehWEB-DjangoRanke-2-300x135.jpg 300w, http:\/\/www.plueh.at\/wp-content\/uploads\/2021\/04\/PluehWEB-DjangoRanke-2-768x345.jpg 768w, http:\/\/www.plueh.at\/wp-content\/uploads\/2021\/04\/PluehWEB-DjangoRanke-2-1536x689.jpg 1536w, http:\/\/www.plueh.at\/wp-content\/uploads\/2021\/04\/PluehWEB-DjangoRanke-2-2048x919.jpg 2048w, http:\/\/www.plueh.at\/wp-content\/uploads\/2021\/04\/PluehWEB-DjangoRanke-2-1200x538.jpg 1200w, http:\/\/www.plueh.at\/wp-content\/uploads\/2021\/04\/PluehWEB-DjangoRanke-2-560x251.jpg 560w\" sizes=\"auto, (max-width: 1024px) 100vw, 1024px\" \/><\/figure>\n\n\n\n<p><\/p>\n","protected":false},"excerpt":{"rendered":"<p>pl\u00fch. ein &#8220;PL&#8221;atz f&#8221;\u00dc&#8221;r &#8220;H&#8221;oladero in Ybbsitz zum Aussteigen und Entschleunigen, zum Aufbl\u00fchen Urlaub &amp; Reitunterricht im Mostviertel<\/p>\n","protected":false},"author":1,"featured_media":0,"parent":0,"menu_order":0,"comment_status":"closed","ping_status":"closed","template":"","meta":{"footnotes":""},"class_list":["post-78","page","type-page","status-publish","hentry","no-thumbnail"],"_links":{"self":[{"href":"http:\/\/www.plueh.at\/index.php?rest_route=\/wp\/v2\/pages\/78","targetHints":{"allow":["GET"]}}],"collection":[{"href":"http:\/\/www.plueh.at\/index.php?rest_route=\/wp\/v2\/pages"}],"about":[{"href":"http:\/\/www.plueh.at\/index.php?rest_route=\/wp\/v2\/types\/page"}],"author":[{"embeddable":true,"href":"http:\/\/www.plueh.at\/index.php?rest_route=\/wp\/v2\/users\/1"}],"replies":[{"embeddable":true,"href":"http:\/\/www.plueh.at\/index.php?rest_route=%2Fwp%2Fv2%2Fcomments&post=78"}],"version-history":[{"count":21,"href":"http:\/\/www.plueh.at\/index.php?rest_route=\/wp\/v2\/pages\/78\/revisions"}],"predecessor-version":[{"id":371,"href":"http:\/\/www.plueh.at\/index.php?rest_route=\/wp\/v2\/pages\/78\/revisions\/371"}],"wp:attachment":[{"href":"http:\/\/www.plueh.at\/index.php?rest_route=%2Fwp%2Fv2%2Fmedia&parent=78"}],"curies":[{"name":"wp","href":"https:\/\/api.w.org\/{rel}","templated":true}]}}