{"id":3,"date":"2021-02-09T18:02:57","date_gmt":"2021-02-09T17:02:57","guid":{"rendered":"http:\/\/www.plueh.at\/?page_id=3"},"modified":"2021-12-15T12:30:17","modified_gmt":"2021-12-15T11:30:17","slug":"datenschutzerklaerung","status":"publish","type":"page","link":"http:\/\/www.plueh.at\/?page_id=3","title":{"rendered":"Datenschutzerkl\u00e4rung"},"content":{"rendered":"\n<h2 class=\"has-text-align-center wp-block-heading\">Pl\u00fch. Platz f\u00fcr Holadero. Reitunion Ybbsitz<\/h2>\n\n\n\n<p class=\"has-text-align-center\">ZVR 1616307657. Bezirkshauptmannschaft Amstetten<\/p>\n\n\n\n<p class=\"has-text-align-center\">Reitunion Ybbsitz. In der Noth 39, A-3341 Ybbsitz<\/p>\n\n\n\n<p class=\"has-text-align-center\">Die Adresse unserer Website ist: http:\/\/172.17.0.3.<\/p>\n\n\n\n<h2 class=\"wp-block-heading\"><\/h2>\n\n\n\n<h3 class=\"wp-block-heading\">1. Datenschutz auf einen Blick<\/h3>\n\n\n\n<h4 class=\"wp-block-heading\">Allgemeine Hinweise<\/h4>\n\n\n\n<p>Die folgenden Hinweise geben einen einfachen \u00dcberblick dar\u00fcber, was mit Ihren personenbezogenen Daten passiert, wenn Sie unsere Webseite besuchen oder eine Buchungsanfrage per E-Mail, Telefon oder Social Media Plattformen stellen. Personenbezogene Daten sind alle Daten, mit denen Sie pers\u00f6nlich identifiziert werden k\u00f6nnen. Ausf\u00fchrliche Informationen zum Thema Datenschutz entnehmen Sie unserer unter diesem Text aufgef\u00fchrten Datenschutzerkl\u00e4rung.<\/p>\n\n\n\n<h4 class=\"wp-block-heading\">Elektronische Datenerfassung<\/h4>\n\n\n\n<p>Wer ist verantwortlich f\u00fcr die Datenerfassung auf dieser Webseite?<\/p>\n\n\n\n<p>Die Datenverarbeitung auf dieser Webseite erfolgt durch den Webseitenbetreiber. Dessen Kontaktdaten k\u00f6nnen Sie dem Impressum dieser Webseite entnehmen.<\/p>\n\n\n\n<p>Wie erfassen wir Ihre Daten?<\/p>\n\n\n\n<p>Ihre Daten werden zum einen dadurch erhoben, dass Sie uns diese mitteilen. Hierbei kann es sich z.B. um Daten handeln, die Sie in ein Kontaktformular eingeben. Durch den Besuch der Webseite werden keine Daten durch unsere IT-Systeme erfasst.<\/p>\n\n\n\n<p>Wof\u00fcr nutzen wir Ihre Daten?<\/p>\n\n\n\n<p>Die von Ihnen mitgeteilten Daten werden nur daf\u00fcr genutzt auf Buchungsanfragen zu antworten. Diese werden per E-Mail oder auch telefonisch abgewickelt.<\/p>\n\n\n\n<p>Welche Rechte haben Sie bez\u00fcglich Ihrer Daten?<\/p>\n\n\n\n<p>Sie haben jederzeit das Recht unentgeltlich Auskunft \u00fcber Herkunft, Empf\u00e4nger und Zweck Ihrer gespeicherten personenbezogenen Daten zu erhalten. Sie haben au\u00dferdem ein Recht, die Berichtigung, Sperrung oder L\u00f6schung dieser Daten zu verlangen. Hierzu sowie zu weiteren Fragen zum Thema Datenschutz k\u00f6nnen Sie sich jederzeit unter der im Impressum angegebenen Adresse an uns wenden. Des Weiteren steht Ihnen ein Beschwerderecht bei der zust\u00e4ndigen Aufsichtsbeh\u00f6rde zu.<\/p>\n\n\n\n<h4 class=\"wp-block-heading\">Analyse-Tools und Tools von Drittanbietern<\/h4>\n\n\n\n<p>Beim Besuch unserer Webseite wird Ihr Surf-Verhalten nicht statistisch ausgewertet. Es werden keine Cookies oder sogenannten Analyseprogramme verwendet. Auf unserer Webseite ist Ihr Surf-Verhalten anonym und kann nicht zu Ihnen zur\u00fcckverfolgt werden. Dies betrifft jedoch rein das surfen auf unserer Webseite. Der Webseitenbetreiber \u00fcbernimmt keine Haftung f\u00fcr Verlinkungen auf Drittseiten ( z.B WordPress,Facebook oder Instagram).<\/p>\n\n\n\n<h4 class=\"wp-block-heading\">Widerspruch gegen Werbemails<\/h4>\n\n\n\n<p>Der Nutzung von im Rahmen der Impressumspflicht ver\u00f6ffentlichten Kontaktdaten zur \u00dcbersendung von nicht ausdr\u00fccklich angeforderter Werbung und Informationsmaterialien wird hiermit widersprochen. Die Betreiber der Seiten behalten sich ausdr\u00fccklich rechtliche Schritte im Falle der unverlangten Zusendung von Werbeinformationen, etwa durch Spam-E-Mails, vor.<\/p>\n\n\n\n<h3 class=\"wp-block-heading\">2. Allgemeine Hinweise und Pflichtinformation<\/h3>\n\n\n\n<h4 class=\"wp-block-heading\">Datenschutz<\/h4>\n\n\n\n<p>Die Betreiber dieser Seiten nehmen den Schutz Ihrer pers\u00f6nlichen Daten sehr ernst. Wir behandeln Ihre personenbezogenen Daten vertraulich und entsprechend der gesetzlichen Datenschutzvorschriften sowie dieser Datenschutzerkl\u00e4rung. Wenn Sie uns telefonisch oder per E-Mail kontaktieren, werden verschiedene personenbezogene Daten erhoben. Personenbezogene Daten sind Daten, mit denen Sie pers\u00f6nlich identifiziert werden k\u00f6nnen. Die vorliegende Datenschutzerkl\u00e4rung erl\u00e4utert, welche Daten wir erheben und wof\u00fcr wir sie nutzen. Sie erl\u00e4utert auch, wie und zu welchem Zweck das geschieht. Wir weisen darauf hin, dass die Daten\u00fcbertragung im Internet (z.B. bei der Kommunikation per E-Mail) Sicherheitsl\u00fccken aufweisen kann. Ein l\u00fcckenloser Schutz der Daten vor dem Zugriff durch Dritte ist nicht m\u00f6glich.<\/p>\n\n\n\n<h4 class=\"wp-block-heading\">Hinweis zur verantwortlichen Stelle<\/h4>\n\n\n\n<p>Die verantwortliche Stelle f\u00fcr die Datenverarbeitung ist:<\/p>\n\n\n\n<p>Reitunion Ybbsitz<br>Obfrau Dipl.Ing.mag. Nora Stalzer<br>In der Noth 39<br>3341 Ybbsitz<br>ZVR 1616307657<br><\/p>\n\n\n\n<p>Telefon: +43 664 4384481<br>E-Mail: <a href=\"mailto:n.stalzer@stalzerlutz.at\">n.stalzer@stalzerlutz.at<\/a><br><\/p>\n\n\n\n<p>Verantwortliche Stelle ist die nat\u00fcrliche oder juristische Person, die allein oder gemeinsam mit anderen \u00fcber die Zwecke und Mittel der Verarbeitung von personenbezogenen Daten (z.B. Namen, E-Mail-Adressen o. \u00c4.) entscheidet.<\/p>\n\n\n\n<h4 class=\"wp-block-heading\">Ihre Rechte<\/h4>\n\n\n\n<p>Ihnen stehen grunds\u00e4tzlich die Rechte auf Auskunft, Berichtigung, L\u00f6schung, Einschr\u00e4nkung, Daten\u00fcbertragbarkeit, Widerruf und Widerspruch zu. Dazu reicht eine formlose Mitteilung per E-Mail an uns. Hierzu sowie zu weiteren Fragen zum Thema personenbezogene Daten k\u00f6nnen Sie sich jederzeit unter der im Impressum angegebenen Adresse an uns wenden. Die Rechtm\u00e4\u00dfigkeit der bis zum Widerruf erfolgten Datenverarbeitung bleibt vom Widerruf unber\u00fchrt.<\/p>\n\n\n\n<p>Wenn Sie glauben, dass die Verarbeitung Ihrer Daten gegen das Datenschutzrecht verst\u00f6\u00dft oder Ihre datenschutzrechtlichen Anspr\u00fcche sonst in einer Weise verletzt worden sind , k\u00f6nnen Sie sich bei der Aufsichtsbeh\u00f6rde beschweren. In \u00d6sterreich ist dies die Datenschutzbeh\u00f6rde. Im Falle datenschutzrechtlicher Verst\u00f6\u00dfe steht dem Betroffenen ein Beschwerderecht bei der zust\u00e4ndigen Aufsichtsbeh\u00f6rde zu. Zust\u00e4ndige Aufsichtsbeh\u00f6rde in datenschutzrechtlichen Fragen ist die <a href=\"https:\/\/www.bfdi.bund.de\/SharedDocs\/Adressen\/EuropaeischeDatenschutzbeauftragte\/OesterreichischeDatenschutzbehoerde.html?nn=5217144\">\u00d6sterreichische Datenschutzbeh\u00f6rde<\/a>.<\/p>\n\n\n\n<h4 class=\"wp-block-heading\">Datenspeicherung<\/h4>\n\n\n\n<p>Die uns zur Verf\u00fcgung gestellten Daten werden nur so lange gespeichert, bis der Zweck erf\u00fcllt ist, zu dem sie uns anvertraut wurden. Sofern gesetzliche Aufbewahrungsfristen zu beachten sind, werden diese eingehalten. Sollten Sie mit der Speicherung Ihrer personenbezogenen Daten nicht mehr einverstanden sein, werden wir die gespeicherten Daten auf Ihre Weisung hin l\u00f6schen. Haben sich ihre personenbezogenen Daten ge\u00e4ndert, werden wir diese nach Ihrer Information richtigstellen.<\/p>\n\n\n\n<h3 class=\"wp-block-heading\">3. Datenerfassungsformen<\/h3>\n\n\n\n<h4 class=\"wp-block-heading\">Datenerfassung auf unserer Webseite<\/h4>\n\n\n\n<p>Diese Webseite verwendet keine Cookies. Diese Webseite \u00fcbernimmt jedoch keine Gew\u00e4hr f\u00fcr die verwendung von Cookies auf Drittseiten, die auf dieser Webseite verlinkt sind.<\/p>\n\n\n\n<h4 class=\"wp-block-heading\">Datenerfassung per E-mail, per Telefon oder Social Media<\/h4>\n\n\n\n<p>Wenn Sie uns per E-mail, per E-Mail oder Social Media Anfragen zukommen lassen, werden Ihre Angaben inklusive der von Ihnen dort angegebenen Kontaktdaten zwecks Bearbeitung der Anfrage und f\u00fcr den Fall von Anschlussfragen bei uns gespeichert. Diese Daten geben wir nicht ohne Ihre Einwilligung weiter.<\/p>\n\n\n\n<p>Wir m\u00f6chten jedoch darauf hinweisen, dass Anfragen und Inhalte, die \u00fcber Social Media Plattformen get\u00e4tigt werden, voraussichtlich von dem jeweiligen Drittanbieter (z.B. Facebook, Whatsapp, bzw. Instagram) automatisch gespeichert werden. Die Reitunion Ybbsitz \u00fcbernimmt keine Haftung f\u00fcr eventuell gespeicherte personenbezogene Daten bzw. Informationen durch die jeweiligen Drittanbieter, und verweisen auf die jeweiligen Datenschutzerkl\u00e4rungen der Drittanbieter.<\/p>\n\n\n\n<p>Die Verarbeitung der angegebenen Daten in den jeweiligen Anfragen erfolgt somit ausschlie\u00dflich auf Grundlage Ihrer Einwilligung (Art. 6 Abs. 1 lit. a DSGVO). Sie k\u00f6nnen diese Einwilligung jederzeit widerrufen. Dazu reicht eine formlose Mitteilung per E-Mail an uns. Die Rechtm\u00e4\u00dfigkeit der bis zum Widerruf erfolgten Datenverarbeitungsvorg\u00e4nge bleibt vom Widerruf unber\u00fchrt.<\/p>\n\n\n\n<p>Die von Ihnen in der Anfrage angegebenen Daten verbleiben bei uns, bis Sie uns zur L\u00f6schung auffordern, Ihre Einwilligung zur Speicherung widerrufen oder der Zweck f\u00fcr die Datenspeicherung entf\u00e4llt (z.B. nach abgeschlossener Bearbeitung Ihrer Anfrage). Zwingende gesetzliche Bestimmungen \u2013 insbesondere Aufbewahrungsfristen \u2013 bleiben unber\u00fchrt.<\/p>\n\n\n\n<p>Nach stellen der Anfrage per E-Mail, Telefon oder Social Media erfolgt eine Verarbeitung der oben angef\u00fchrten Daten durch den datenschutzrechtlich Verantwortlichen Reitverein Ybbsitz, In der Noth 39, 3341 Ybbsitz, \u00d6sterreich, holadero@plueh.at, zum Zweck der Bearbeitung Ihrer Anfrage auf Grundlage Ihrer durch das Stellen der Anfrage erteilten Einwilligung. Es erfolgt eine Weiterverarbeitung der Daten zum Zweck der Buchungsanfragenbearbeitung, welche mit dem urspr\u00fcnglichen Verarbeitungszweck vereinbar ist, auf derselben Rechtsgrundlage bis auf Widerspruch.<\/p>\n\n\n\n<p>Es besteht keine gesetzliche oder vertragliche Verpflichtung zur Bereitstellung der personenbezogenen Daten. Die Nichtbereitstellung hat lediglich zur Folge, dass wir Ihr Anliegen nicht bearbeiten k\u00f6nnen.<\/p>\n\n\n\n<p><\/p>\n","protected":false},"excerpt":{"rendered":"<p>Pl\u00fch. Platz f\u00fcr Holadero. Reitunion Ybbsitz ZVR 1616307657. Bezirkshauptmannschaft Amstetten Reitunion Ybbsitz. In der Noth 39, A-3341 Ybbsitz Die Adresse unserer Website ist: http:\/\/172.17.0.3. 1. Datenschutz auf einen Blick Allgemeine Hinweise Die folgenden Hinweise geben einen einfachen \u00dcberblick dar\u00fcber, was mit Ihren personenbezogenen Daten passiert, wenn Sie unsere Webseite besuchen oder eine Buchungsanfrage per E-Mail, &hellip; <\/p>\n<p class=\"link-more\"><a href=\"http:\/\/www.plueh.at\/?page_id=3\" class=\"more-link\">Continue reading<span class=\"screen-reader-text\"> &#8220;Datenschutzerkl\u00e4rung&#8221;<\/span><\/a><\/p>\n","protected":false},"author":1,"featured_media":0,"parent":250,"menu_order":0,"comment_status":"closed","ping_status":"closed","template":"","meta":{"footnotes":""},"class_list":["post-3","page","type-page","status-publish","hentry","no-thumbnail"],"_links":{"self":[{"href":"http:\/\/www.plueh.at\/index.php?rest_route=\/wp\/v2\/pages\/3","targetHints":{"allow":["GET"]}}],"collection":[{"href":"http:\/\/www.plueh.at\/index.php?rest_route=\/wp\/v2\/pages"}],"about":[{"href":"http:\/\/www.plueh.at\/index.php?rest_route=\/wp\/v2\/types\/page"}],"author":[{"embeddable":true,"href":"http:\/\/www.plueh.at\/index.php?rest_route=\/wp\/v2\/users\/1"}],"replies":[{"embeddable":true,"href":"http:\/\/www.plueh.at\/index.php?rest_route=%2Fwp%2Fv2%2Fcomments&post=3"}],"version-history":[{"count":4,"href":"http:\/\/www.plueh.at\/index.php?rest_route=\/wp\/v2\/pages\/3\/revisions"}],"predecessor-version":[{"id":363,"href":"http:\/\/www.plueh.at\/index.php?rest_route=\/wp\/v2\/pages\/3\/revisions\/363"}],"up":[{"embeddable":true,"href":"http:\/\/www.plueh.at\/index.php?rest_route=\/wp\/v2\/pages\/250"}],"wp:attachment":[{"href":"http:\/\/www.plueh.at\/index.php?rest_route=%2Fwp%2Fv2%2Fmedia&parent=3"}],"curies":[{"name":"wp","href":"https:\/\/api.w.org\/{rel}","templated":true}]}}